



 
 {"id":699,"date":"2016-10-26T14:37:26","date_gmt":"2016-10-26T14:37:26","guid":{"rendered":"http:\/\/exmora.ma\/?page_id=699"},"modified":"2017-04-13T09:48:54","modified_gmt":"2017-04-13T09:48:54","slug":"modalite-de-livraison","status":"publish","type":"page","link":"https:\/\/exmora.ma\/mobile\/modalite-de-livraison\/","title":{"rendered":"Modalit\u00e9s de livraison"},"content":{"rendered":"<p style=\"text-align: justify;\">Nous livrons par camion frigorifique nos clients sur Rabat et Casablanca trois fois par semaine et par transporteur sur les autres villes du Maroc, notamment Tanger, Fes, Meknes, Kenitra, Marrakech, Essaouira, Agadir et \u00e9galement Rabat et Casablanca.<\/p>\n<p style=\"text-align: justify;\">Pour Livraison par camion sur <b>Casablanca :<\/b> Livraisons tous les lundi, mercredi et vendredi matins (hors jours f\u00e9ri\u00e9s). La commande doit \u00eatre pass\u00e9e la veille avant 15h00 et le samedi avant 17h00 pour la livraison du lundi matin.<\/p>\n<p style=\"text-align: justify;\">Pour Livraison par camion sur <b>Rabat :<\/b> Livraisons tous les lundi, mercredi et vendredi apr\u00e8s-midi (hors jours f\u00e9ri\u00e9s et Ramadan). La commande doit \u00eatre pass\u00e9e le matin m\u00eame avant 11h00.<\/p>\n<p style=\"text-align: justify;\">Pour livraisons par transporteur <b>sur toutes les villes du royaume :<\/b> Livraisons les mardi, jeudi et samedi matins (hors jours f\u00e9ri\u00e9s). La commande doit \u00eatre pass\u00e9e la veille avant 11h00. Les frais de livraison sont de 40 dh par colis.<\/p>\n","protected":false},"excerpt":{"rendered":"<p>Nous livrons par camion frigorifique nos clients sur Rabat et Casablanca trois fois par semaine et par transporteur sur les autres villes du Maroc, notamment Tanger, Fes, Meknes, Kenitra, Marrakech, Essaouira, Agadir et \u00e9galement Rabat et Casablanca. Pour Livraison par camion sur Casablanca : Livraisons tous les lundi, mercredi et vendredi matins (hors jours f\u00e9ri\u00e9s). [&hellip;]<\/p>\n","protected":false},"author":1,"featured_media":0,"parent":0,"menu_order":0,"comment_status":"closed","ping_status":"closed","template":"","meta":[],"tags":[],"yoast_head":"<!-- This site is optimized with the Yoast SEO plugin v15.3 - https:\/\/yoast.com\/wordpress\/plugins\/seo\/ -->\n<title>Exmora - Production et importation de fleurs Maroc<\/title>\n<meta name=\"description\" content=\"Exmora - Production et importation de fleurs Maroc\" \/>\n<meta name=\"robots\" content=\"index, follow, max-snippet:-1, max-image-preview:large, max-video-preview:-1\" \/>\n<link rel=\"canonical\" href=\"https:\/\/exmora.ma\/modalite-de-livraison\/\" \/>\n<meta property=\"og:locale\" content=\"fr_FR\" \/>\n<meta property=\"og:type\" content=\"article\" \/>\n<meta property=\"og:title\" content=\"Exmora - Production et importation de fleurs Maroc\" \/>\n<meta property=\"og:description\" content=\"Exmora - Production et importation de fleurs Maroc\" \/>\n<meta property=\"og:url\" content=\"https:\/\/exmora.ma\/modalite-de-livraison\/\" \/>\n<meta property=\"og:site_name\" content=\"Exmora\" \/>\n<meta property=\"article:modified_time\" content=\"2017-04-13T09:48:54+00:00\" \/>\n<meta name=\"twitter:card\" content=\"summary\" \/>\n<meta name=\"twitter:label1\" content=\"\u00c9crit par\">\n\t<meta name=\"twitter:data1\" content=\"admin\">\n\t<meta name=\"twitter:label2\" content=\"Dur\u00e9e de lecture est.\">\n\t<meta name=\"twitter:data2\" content=\"1 minute\">\n<script type=\"application\/ld+json\" class=\"yoast-schema-graph\">{\"@context\":\"https:\/\/schema.org\",\"@graph\":[{\"@type\":\"Organization\",\"@id\":\"https:\/\/exmora.ma\/#organization\",\"name\":\"Exmora\",\"url\":\"https:\/\/exmora.ma\/\",\"sameAs\":[],\"logo\":{\"@type\":\"ImageObject\",\"@id\":\"https:\/\/exmora.ma\/#logo\",\"inLanguage\":\"fr-FR\",\"url\":\"https:\/\/exmora.ma\/wp-content\/uploads\/2017\/03\/Changement-de-couleur.png\",\"width\":213,\"height\":86,\"caption\":\"Exmora\"},\"image\":{\"@id\":\"https:\/\/exmora.ma\/#logo\"}},{\"@type\":\"WebSite\",\"@id\":\"https:\/\/exmora.ma\/#website\",\"url\":\"https:\/\/exmora.ma\/\",\"name\":\"Exmora\",\"description\":\"\",\"publisher\":{\"@id\":\"https:\/\/exmora.ma\/#organization\"},\"potentialAction\":[{\"@type\":\"SearchAction\",\"target\":\"https:\/\/exmora.ma\/?s={search_term_string}\",\"query-input\":\"required name=search_term_string\"}],\"inLanguage\":\"fr-FR\"},{\"@type\":\"WebPage\",\"@id\":\"https:\/\/exmora.ma\/modalite-de-livraison\/#webpage\",\"url\":\"https:\/\/exmora.ma\/modalite-de-livraison\/\",\"name\":\"Exmora - Production et importation de fleurs Maroc\",\"isPartOf\":{\"@id\":\"https:\/\/exmora.ma\/#website\"},\"datePublished\":\"2016-10-26T14:37:26+00:00\",\"dateModified\":\"2017-04-13T09:48:54+00:00\",\"description\":\"Exmora - Production et importation de fleurs Maroc\",\"inLanguage\":\"fr-FR\",\"potentialAction\":[{\"@type\":\"ReadAction\",\"target\":[\"https:\/\/exmora.ma\/modalite-de-livraison\/\"]}]}]}<\/script>\n<!-- \/ Yoast SEO plugin. -->","_links":{"self":[{"href":"https:\/\/exmora.ma\/mobile\/wp-json\/wp\/v2\/pages\/699"}],"collection":[{"href":"https:\/\/exmora.ma\/mobile\/wp-json\/wp\/v2\/pages"}],"about":[{"href":"https:\/\/exmora.ma\/mobile\/wp-json\/wp\/v2\/types\/page"}],"author":[{"embeddable":true,"href":"https:\/\/exmora.ma\/mobile\/wp-json\/wp\/v2\/users\/1"}],"replies":[{"embeddable":true,"href":"https:\/\/exmora.ma\/mobile\/wp-json\/wp\/v2\/comments?post=699"}],"version-history":[{"count":8,"href":"https:\/\/exmora.ma\/mobile\/wp-json\/wp\/v2\/pages\/699\/revisions"}],"predecessor-version":[{"id":1474,"href":"https:\/\/exmora.ma\/mobile\/wp-json\/wp\/v2\/pages\/699\/revisions\/1474"}],"wp:attachment":[{"href":"https:\/\/exmora.ma\/mobile\/wp-json\/wp\/v2\/media?parent=699"}],"wp:term":[{"taxonomy":"post_tag","embeddable":true,"href":"https:\/\/exmora.ma\/mobile\/wp-json\/wp\/v2\/tags?post=699"}],"curies":[{"name":"wp","href":"https:\/\/api.w.org\/{rel}","templated":true}]}}