



 
 {"id":571,"date":"2016-10-19T11:53:56","date_gmt":"2016-10-19T11:53:56","guid":{"rendered":"http:\/\/exmora.ma\/?page_id=571"},"modified":"2017-03-18T21:49:47","modified_gmt":"2017-03-18T21:49:47","slug":"mentions-legales","status":"publish","type":"page","link":"https:\/\/exmora.ma\/mobile\/mentions-legales\/","title":{"rendered":"Mentions l\u00e9gales"},"content":{"rendered":"<p>Vous \u00eates en train de visiter le site de EXMORA. Les mentions l\u00e9gales qui suivent s\u2019appliquent \u00e0 tout internaute visitant ce site. Nous vous remercions d\u2019en prendre connaissance.<\/p>\n<p>Le site www.exmora.ma est la propri\u00e9t\u00e9 d\u2019Exmora.<\/p>\n<p>Ce site a \u00e9t\u00e9 cr\u00e9\u00e9 par Exmora et les informations regroup\u00e9es dans ce site sont destin\u00e9es \u00e0 une pr\u00e9sentation institutionnelle et commerciale de nos activit\u00e9s.<\/p>\n<p>Exmora se r\u00e9serve le droit de modifier le contenu du site \u00e0 tout moment et sans pr\u00e9avis et ne pourra \u00eatre tenu responsable des cons\u00e9quences de telles modifications. L\u2019acc\u00e8s et l\u2019utilisation de ce site sont soumis aux conditions suivantes ainsi qu\u2019aux dispositions l\u00e9gales en vigueur. En acc\u00e9dant au site, vous acceptez, sans limitation ni r\u00e9serves, ces conditions.<\/p>\n<p>Ce site a \u00e9t\u00e9 con\u00e7u par Synchronism<br \/>\nAngle Rue d&#8217;Amman et rue yougoslavie,<br \/>\nR\u00e9sidence Minaret &#8211; Bureau 52 Rabat<br \/>\nRabat 10 000<br \/>\nMaroc<\/p>\n<p><b>Juridiction<\/b><\/p>\n<p>Ce site et son contenu sont cr\u00e9\u00e9s conform\u00e9ment aux r\u00e8gles applicables au Maroc, m\u00eame s\u2019ils sont accessibles \u00e0 d\u2019autres utilisateurs.<\/p>\n<p><b>Contenus du Site <\/b><\/p>\n<p>Exmora fournit ces informations \u00e0 des fins purement informatives et s\u2019efforce de contr\u00f4ler la v\u00e9racit\u00e9 des informations et de maintenir ses sites \u00e0 jour. Cependant, aucune garantie n\u2019est apport\u00e9e concernant l\u2019exactitude, la pr\u00e9cision, la mise \u00e0 jour ou l\u2019exhaustivit\u00e9 des informations mises \u00e0<br \/>\nla disposition sur le site.<\/p>\n<p>Par cons\u00e9quent et \u00e0 l\u2019exception d\u2019une faute lourde ou intentionnelle, Exmora d\u00e9cline toute responsabilit\u00e9 pour tout dommage r\u00e9sultant notamment d\u2019une impr\u00e9cision ou inexactitude des informations disponibles sur notre site ou pour toute atteinte r\u00e9sultant d\u2019une intrusion frauduleuse d\u2019un tiers sur notre site avec l\u2019intention de nuire aux int\u00e9r\u00eats ou \u00e0 l\u2019image du Groupe, notamment en d\u00e9naturant les informations r\u00e9pertori\u00e9es sur le site.<\/p>\n<p>La responsabilit\u00e9 d\u2019Exmora ne saurait \u00eatre retenue pour tout dommage ou virus qui pourrait endommager ou rendre inutilisable votre \u00e9quipement informatique suite \u00e0 la visite de notre site malgr\u00e9 les actions de s\u00e9curisation mises en \u0153uvre.<\/p>\n<p><b>Conditions g\u00e9n\u00e9rales d\u2019utilisation <\/b><\/p>\n<p>L\u2019utilisateur reconna\u00eet avoir pris connaissance des pr\u00e9sentes conditions g\u00e9n\u00e9rales d\u2019utilisation et s\u2019engage \u00e0 les respecter.<\/p>\n<p>Exmora se r\u00e9serve le droit de modifier la pr\u00e9sente notice \u00e0 tout moment.<\/p>\n<p>L&#8217;utilisateur s&#8217;engage donc \u00e0 la consulter r\u00e9guli\u00e8rement.<\/p>\n<p>Dans l&#8217;hypoth\u00e8se o\u00f9 vous acc\u00e9deriez au site www.exmora.ma \u00e0 partir d&#8217;un autre \u00e9tat que le Maroc, vous vous engagez \u00e0 vous assurer \u00e9galement du respect de la l\u00e9gislation localement applicable.<\/p>\n<p><b>Liens hypertexte <\/b><\/p>\n<p>Afin de faciliter l\u2019acc\u00e8s \u00e0 d\u2019autres sites susceptibles d\u2019apporter un compl\u00e9ment d\u2019information, Exmora a ins\u00e9r\u00e9 dans son site un certain nombre de liens hypertexte. N\u00e9anmoins, la responsabilit\u00e9 d&#8217;Exmora ne saurait \u00eatre engag\u00e9e au titre d\u2019un site tiers auquel vous auriez eu acc\u00e8s via notre site et pr\u00e9sentant des contenus litigieux ou inexacts.<\/p>\n<p>Exmora ne dispose d\u2019aucun moyen de contr\u00f4le des contenus des sites tiers. Des sites externes peuvent contenir des liens hypertextes pointant vers notre site, Exmora n\u2019a aucun moyen l\u00e9gal de s\u2019opposer \u00e0 cette pratique usit\u00e9e dans Internet et ne saurait en aucun cas \u00eatre tenu pour responsable de contenus issus de sites externes.<\/p>\n<p><b>Droits d\u2019auteur <\/b><\/p>\n<p>Toutes les images, marques, logos, noms de domaine et informations sous forme de texte ou d\u2019image pr\u00e9sents sur le site sont la propri\u00e9t\u00e9 d\u2019Exmora. Toute utilisation par reproduction, modification, t\u00e9l\u00e9chargement, transmission ou autre proc\u00e9d\u00e9 existant pr\u00e9sent ou futur est soumise<br \/>\n\u00e0 autorisation \u00e9crite pr\u00e9alable (courrier, mail, fax). Les images non produites par Exmora et figurant sur ce site sont la propri\u00e9t\u00e9 de leur d\u00e9tenteurs respectifs.<\/p>\n<p>Seules les copies \u00e0 usage priv\u00e9 et non-commercial sont autoris\u00e9es sous r\u00e9serve des droits de propri\u00e9t\u00e9 intellectuelle dont il est fait mention. La reprise d\u2019articles ou de reportages pr\u00e9sents dans ce site est \u00e9galement soumise \u00e0 autorisation et devra porter une mention \u00ab \u00a9 Exmora \u00bb ou selon<br \/>\nles droits cit\u00e9s dans la source. Tout contrevenant s\u2019expose \u00e0 des poursuites judiciaires.<\/p>\n<p><b>Cr\u00e9dits photographiques <\/b><\/p>\n<p>Toute reproduction ou utilisation de documents photographiques dont Exmora poss\u00e8de le copyright est interdite quel que soit le type de publication (papier, internet, tv) sans l\u2019autorisation pr\u00e9alable d\u2019Exmora et ne peut \u00eatre effectu\u00e9e qu\u2019en vue de l\u2019utilisation qui aura \u00e9t\u00e9 accept\u00e9e par Exmora et ce pour une seule fois.<\/p>\n<p>Toute r\u00e9utilisation devra recevoir l\u2019accord pr\u00e9alable d\u2019Exmora.<\/p>\n<p>Tout document pr\u00eat\u00e9 ne peut \u00eatre, \u00e0 quelque titre que ce soit, communiqu\u00e9 \u00e0 un tiers.<\/p>\n<p>Toute modification d\u2019une photographie cr\u00e9dit\u00e9e, ou de la l\u00e9gende qui l\u2019accompagne, devra faire l\u2019objet d\u2019un accord \u00e9crit pr\u00e9alable d\u2019Exmora.<\/p>\n<p>Aucune photographie ne peut \u00eatre utilis\u00e9e \u00e0 des fins publicitaires sans autorisation.<\/p>\n<p>Si vous effectuez une manipulation sur l\u2019image vous cr\u00e9ez une \u0153uvre &#8220;d\u00e9riv\u00e9e&#8221;. Selon la loi sur les droits d\u2019auteur en vigueur, le cr\u00e9ateur de l\u2019\u0153uvre originale est consid\u00e9r\u00e9 comme propri\u00e9taire des droits d\u2019auteur. En cons\u00e9quence, vous n\u2019\u00eates pas d\u00e9tenteur des droits d\u2019auteur de l\u2019\u0153uvre d\u00e9riv\u00e9e dans la mesure o\u00f9 vous n\u2019\u00eates pas propri\u00e9taire de l\u2019\u0153uvre originale.<\/p>\n<p><b>Marques<\/b><br \/>\nExmora est une marque de commerce d\u00e9pos\u00e9e au Maroc. Les noms de la totalit\u00e9 des autres produits, services ou soci\u00e9t\u00e9s mentionn\u00e9s sur le pr\u00e9sent site peuvent \u00eatre des marques de commerce de leurs d\u00e9tenteurs respectifs.<\/p>\n<p>Il vous est interdit d&#8217;utiliser la moindre marque de commerce figurant sur le pr\u00e9sent site sans l&#8217;autorisation \u00e9crite d\u2019Exmora ou du d\u00e9tenteur des droits sur cette marque de commerce.<\/p>\n","protected":false},"excerpt":{"rendered":"<p>Vous \u00eates en train de visiter le site de EXMORA. Les mentions l\u00e9gales qui suivent s\u2019appliquent \u00e0 tout internaute visitant ce site. Nous vous remercions d\u2019en prendre connaissance. Le site www.exmora.ma est la propri\u00e9t\u00e9 d\u2019Exmora. Ce site a \u00e9t\u00e9 cr\u00e9\u00e9 par Exmora et les informations regroup\u00e9es dans ce site sont destin\u00e9es \u00e0 une pr\u00e9sentation institutionnelle [&hellip;]<\/p>\n","protected":false},"author":1,"featured_media":0,"parent":0,"menu_order":0,"comment_status":"closed","ping_status":"closed","template":"","meta":[],"tags":[],"yoast_head":"<!-- This site is optimized with the Yoast SEO plugin v15.3 - https:\/\/yoast.com\/wordpress\/plugins\/seo\/ -->\n<title>Exmora - Production et importation de fleurs Maroc<\/title>\n<meta name=\"description\" content=\"Exmora - Production et importation de fleurs Maroc\" \/>\n<meta name=\"robots\" content=\"index, follow, max-snippet:-1, max-image-preview:large, max-video-preview:-1\" \/>\n<link rel=\"canonical\" href=\"https:\/\/exmora.ma\/mentions-legales\/\" \/>\n<meta property=\"og:locale\" content=\"fr_FR\" \/>\n<meta property=\"og:type\" content=\"article\" \/>\n<meta property=\"og:title\" content=\"Exmora - Production et importation de fleurs Maroc\" \/>\n<meta property=\"og:description\" content=\"Exmora - Production et importation de fleurs Maroc\" \/>\n<meta property=\"og:url\" content=\"https:\/\/exmora.ma\/mentions-legales\/\" \/>\n<meta property=\"og:site_name\" content=\"Exmora\" \/>\n<meta property=\"article:modified_time\" content=\"2017-03-18T21:49:47+00:00\" \/>\n<meta name=\"twitter:card\" content=\"summary\" \/>\n<meta name=\"twitter:label1\" content=\"\u00c9crit par\">\n\t<meta name=\"twitter:data1\" content=\"admin\">\n\t<meta name=\"twitter:label2\" content=\"Dur\u00e9e de lecture est.\">\n\t<meta name=\"twitter:data2\" content=\"4 minutes\">\n<script type=\"application\/ld+json\" class=\"yoast-schema-graph\">{\"@context\":\"https:\/\/schema.org\",\"@graph\":[{\"@type\":\"Organization\",\"@id\":\"https:\/\/exmora.ma\/#organization\",\"name\":\"Exmora\",\"url\":\"https:\/\/exmora.ma\/\",\"sameAs\":[],\"logo\":{\"@type\":\"ImageObject\",\"@id\":\"https:\/\/exmora.ma\/#logo\",\"inLanguage\":\"fr-FR\",\"url\":\"https:\/\/exmora.ma\/wp-content\/uploads\/2017\/03\/Changement-de-couleur.png\",\"width\":213,\"height\":86,\"caption\":\"Exmora\"},\"image\":{\"@id\":\"https:\/\/exmora.ma\/#logo\"}},{\"@type\":\"WebSite\",\"@id\":\"https:\/\/exmora.ma\/#website\",\"url\":\"https:\/\/exmora.ma\/\",\"name\":\"Exmora\",\"description\":\"\",\"publisher\":{\"@id\":\"https:\/\/exmora.ma\/#organization\"},\"potentialAction\":[{\"@type\":\"SearchAction\",\"target\":\"https:\/\/exmora.ma\/?s={search_term_string}\",\"query-input\":\"required name=search_term_string\"}],\"inLanguage\":\"fr-FR\"},{\"@type\":\"WebPage\",\"@id\":\"https:\/\/exmora.ma\/mentions-legales\/#webpage\",\"url\":\"https:\/\/exmora.ma\/mentions-legales\/\",\"name\":\"Exmora - Production et importation de fleurs Maroc\",\"isPartOf\":{\"@id\":\"https:\/\/exmora.ma\/#website\"},\"datePublished\":\"2016-10-19T11:53:56+00:00\",\"dateModified\":\"2017-03-18T21:49:47+00:00\",\"description\":\"Exmora - Production et importation de fleurs Maroc\",\"inLanguage\":\"fr-FR\",\"potentialAction\":[{\"@type\":\"ReadAction\",\"target\":[\"https:\/\/exmora.ma\/mentions-legales\/\"]}]}]}<\/script>\n<!-- \/ Yoast SEO plugin. -->","_links":{"self":[{"href":"https:\/\/exmora.ma\/mobile\/wp-json\/wp\/v2\/pages\/571"}],"collection":[{"href":"https:\/\/exmora.ma\/mobile\/wp-json\/wp\/v2\/pages"}],"about":[{"href":"https:\/\/exmora.ma\/mobile\/wp-json\/wp\/v2\/types\/page"}],"author":[{"embeddable":true,"href":"https:\/\/exmora.ma\/mobile\/wp-json\/wp\/v2\/users\/1"}],"replies":[{"embeddable":true,"href":"https:\/\/exmora.ma\/mobile\/wp-json\/wp\/v2\/comments?post=571"}],"version-history":[{"count":3,"href":"https:\/\/exmora.ma\/mobile\/wp-json\/wp\/v2\/pages\/571\/revisions"}],"predecessor-version":[{"id":1120,"href":"https:\/\/exmora.ma\/mobile\/wp-json\/wp\/v2\/pages\/571\/revisions\/1120"}],"wp:attachment":[{"href":"https:\/\/exmora.ma\/mobile\/wp-json\/wp\/v2\/media?parent=571"}],"wp:term":[{"taxonomy":"post_tag","embeddable":true,"href":"https:\/\/exmora.ma\/mobile\/wp-json\/wp\/v2\/tags?post=571"}],"curies":[{"name":"wp","href":"https:\/\/api.w.org\/{rel}","templated":true}]}}