



 
 {"id":1166,"date":"2017-03-21T11:56:54","date_gmt":"2017-03-21T11:56:54","guid":{"rendered":"http:\/\/exmora.ma\/?page_id=1166"},"modified":"2017-06-08T21:09:02","modified_gmt":"2017-06-08T21:09:02","slug":"nos-valeurs","status":"publish","type":"page","link":"https:\/\/exmora.ma\/mobile\/nos-valeurs\/","title":{"rendered":"Qui sommes-nous ?"},"content":{"rendered":"<style>\n.exmora-home-widget {\n    background-color: #e4e4e4;\n    padding: 15px 0 40px;\n    width: 100%;\n}\t\n\t.exmora-footer {\n    padding: 0;\n    margin: 0;\n    width: 100%;\n    background-color: #2f2f2f;\n}\n<\/style>\n<div style=\"float: left; border: none; position: relative; left: 17%; margin-bottom: 20px;\">\n<a style=\"font-family: 'dinregular'; font-size: 14px; color: #fff; text-decoration: none; display:block; background:#005e2b; width:200px; float:left; margin-right:1px; text-align:center; padding:10px 5px;\" href=\"qui-sommes-nous\">1981, Au Commencement<\/a><a style=\"float:left; font-family: 'dinregular'; font-size: 14px; color: #fff; text-decoration: none; display:block; background:#005e2b; width:200px; margin-right:1px; text-align:center; padding:10px 5px;\" href=\"la-releve\">2008, La Rel\u00e8ve<\/a><a style=\"float:left; font-family: 'dinregular'; font-size: 14px; color: #facc06; text-decoration: none; display:block; background:#005e2b; width:200px; margin-right:1px; text-align:center; padding:10px 5px;\" href=\"nos-valeurs\/\">Nos valeurs<\/a>\n<\/div>\n<div style=\"clear:both;\"><\/div>\n<p><center><\/p>\n<p>&nbsp;<\/p>\n<p><img src=\"http:\/\/exmora.ma\/wp-content\/themes\/exmora\/images\/icon-valeurs-1.gif\" \/><\/p>\n<p><b>Qualit\u00e9<\/b><\/p>\n<p style=\"text-align:justify; width:80%\">\nNous s\u00e9lectionnons toujours les meilleurs bulbes, les meilleures plantes m\u00e8res et les meilleures vari\u00e9t\u00e9s pour obtenir des fleurs coup\u00e9es d\u2019une qualit\u00e9 sup\u00e9rieure. La grande majorit\u00e9 des fleurs est cultiv\u00e9e sous serres en hors sol pour un contr\u00f4le optimal de l\u2019irrigation et de la fertilisation.\n<\/p>\n<p>&nbsp;<\/p>\n<p><img src=\"http:\/\/exmora.ma\/wp-content\/themes\/exmora\/images\/icon-valeurs-2.gif\" \/><\/p>\n<p><b>Fraicheur<\/b><\/p>\n<p style=\"text-align:justify; width:80%\">\nNos fleurs sont r\u00e9colt\u00e9es chaque matin et sont livr\u00e9es soit le jour de la coupe soit le lendemain.  Nous livrons effectivement les principales villes du royaume 3 fois par semaine soit par notre propre camion frigorifi\u00e9  (Casablanca et Rabat) soit par transporteur.\n<\/p>\n<p>&nbsp;<\/p>\n<p><img src=\"http:\/\/exmora.ma\/wp-content\/themes\/exmora\/images\/icon-valeurs-3.gif\" \/><\/p>\n<p><b>Respect de l\u2019environnement<\/b><\/p>\n<p style=\"text-align:justify; width:80%\">\nLa culture de fleurs coup\u00e9e est une activit\u00e9 polluante mais nous tentons de r\u00e9duire notre impact sur l\u2019environnement. Un syst\u00e8me de recyclage des eaux de drainage a \u00e9t\u00e9 mis en place et une majorit\u00e9 de notre production est en lutte int\u00e9gr\u00e9e.\n<\/p>\n<p style=\"text-align:justify; width:80%\">\nEn effet, Diff\u00e9rents auxiliaires (insectes se nourrissant de ravageurs) sont l\u00e2ch\u00e9s r\u00e9guli\u00e8rement dans nos serres et contr\u00f4lent le d\u00e9veloppement des ravageurs. Certains auxiliaires sont m\u00eame nourris avec du pollen pour qu\u2019ils se d\u00e9veloppent avant l\u2019apparition des ravageurs.\n<\/p>\n<p style=\"text-align:justify; width:80%\">\nNous sommes des pionniers au Maroc dans l\u2019utilisation de la lutte int\u00e9gr\u00e9e pour la production de fleurs cf (article biobest IFTF). Une meilleure qualit\u00e9 de fleurs est ainsi obtenue, car nous pouvons lutter contre des parasites ayant d\u00e9velopp\u00e9 des r\u00e9sistances aux produits chimiques et la r\u00e9duction de ces traitements chimiques est b\u00e9n\u00e9fique \u00e0 la fois pour la plante et l\u2019environnement.\n<\/p>\n<p>&nbsp;<\/p>\n<p><\/center><\/p>\n","protected":false},"excerpt":{"rendered":"<p>1981, Au Commencement2008, La Rel\u00e8veNos valeurs &nbsp; Qualit\u00e9 Nous s\u00e9lectionnons toujours les meilleurs bulbes, les meilleures plantes m\u00e8res et les meilleures vari\u00e9t\u00e9s pour obtenir des fleurs coup\u00e9es d\u2019une qualit\u00e9 sup\u00e9rieure. La grande majorit\u00e9 des fleurs est cultiv\u00e9e sous serres en hors sol pour un contr\u00f4le optimal de l\u2019irrigation et de la fertilisation. &nbsp; Fraicheur Nos [&hellip;]<\/p>\n","protected":false},"author":1,"featured_media":0,"parent":0,"menu_order":0,"comment_status":"closed","ping_status":"closed","template":"","meta":[],"tags":[],"yoast_head":"<!-- This site is optimized with the Yoast SEO plugin v15.3 - https:\/\/yoast.com\/wordpress\/plugins\/seo\/ -->\n<title>Qui sommes-nous ? - Exmora<\/title>\n<meta name=\"robots\" content=\"index, follow, max-snippet:-1, max-image-preview:large, max-video-preview:-1\" \/>\n<link rel=\"canonical\" href=\"https:\/\/exmora.ma\/mobile\/nos-valeurs\/\" \/>\n<meta property=\"og:locale\" content=\"fr_FR\" \/>\n<meta property=\"og:type\" content=\"article\" \/>\n<meta property=\"og:title\" content=\"Qui sommes-nous ? - Exmora\" \/>\n<meta property=\"og:description\" content=\"1981, Au Commencement2008, La Rel\u00e8veNos valeurs &nbsp; Qualit\u00e9 Nous s\u00e9lectionnons toujours les meilleurs bulbes, les meilleures plantes m\u00e8res et les meilleures vari\u00e9t\u00e9s pour obtenir des fleurs coup\u00e9es d\u2019une qualit\u00e9 sup\u00e9rieure. La grande majorit\u00e9 des fleurs est cultiv\u00e9e sous serres en hors sol pour un contr\u00f4le optimal de l\u2019irrigation et de la fertilisation. &nbsp; Fraicheur Nos [&hellip;]\" \/>\n<meta property=\"og:url\" content=\"https:\/\/exmora.ma\/mobile\/nos-valeurs\/\" \/>\n<meta property=\"og:site_name\" content=\"Exmora\" \/>\n<meta property=\"article:modified_time\" content=\"2017-06-08T21:09:02+00:00\" \/>\n<meta property=\"og:image\" content=\"http:\/\/exmora.ma\/wp-content\/themes\/exmora\/images\/icon-valeurs-1.gif\" \/>\n<meta name=\"twitter:card\" content=\"summary\" \/>\n<meta name=\"twitter:label1\" content=\"\u00c9crit par\">\n\t<meta name=\"twitter:data1\" content=\"admin\">\n\t<meta name=\"twitter:label2\" content=\"Dur\u00e9e de lecture est.\">\n\t<meta name=\"twitter:data2\" content=\"1 minute\">\n<script type=\"application\/ld+json\" class=\"yoast-schema-graph\">{\"@context\":\"https:\/\/schema.org\",\"@graph\":[{\"@type\":\"Organization\",\"@id\":\"https:\/\/exmora.ma\/#organization\",\"name\":\"Exmora\",\"url\":\"https:\/\/exmora.ma\/\",\"sameAs\":[],\"logo\":{\"@type\":\"ImageObject\",\"@id\":\"https:\/\/exmora.ma\/#logo\",\"inLanguage\":\"fr-FR\",\"url\":\"https:\/\/exmora.ma\/wp-content\/uploads\/2017\/03\/Changement-de-couleur.png\",\"width\":213,\"height\":86,\"caption\":\"Exmora\"},\"image\":{\"@id\":\"https:\/\/exmora.ma\/#logo\"}},{\"@type\":\"WebSite\",\"@id\":\"https:\/\/exmora.ma\/#website\",\"url\":\"https:\/\/exmora.ma\/\",\"name\":\"Exmora\",\"description\":\"\",\"publisher\":{\"@id\":\"https:\/\/exmora.ma\/#organization\"},\"potentialAction\":[{\"@type\":\"SearchAction\",\"target\":\"https:\/\/exmora.ma\/?s={search_term_string}\",\"query-input\":\"required name=search_term_string\"}],\"inLanguage\":\"fr-FR\"},{\"@type\":\"ImageObject\",\"@id\":\"https:\/\/exmora.ma\/mobile\/nos-valeurs\/#primaryimage\",\"inLanguage\":\"fr-FR\",\"url\":\"http:\/\/exmora.ma\/wp-content\/themes\/exmora\/images\/icon-valeurs-1.gif\"},{\"@type\":\"WebPage\",\"@id\":\"https:\/\/exmora.ma\/mobile\/nos-valeurs\/#webpage\",\"url\":\"https:\/\/exmora.ma\/mobile\/nos-valeurs\/\",\"name\":\"Qui sommes-nous ? - Exmora\",\"isPartOf\":{\"@id\":\"https:\/\/exmora.ma\/#website\"},\"primaryImageOfPage\":{\"@id\":\"https:\/\/exmora.ma\/mobile\/nos-valeurs\/#primaryimage\"},\"datePublished\":\"2017-03-21T11:56:54+00:00\",\"dateModified\":\"2017-06-08T21:09:02+00:00\",\"inLanguage\":\"fr-FR\",\"potentialAction\":[{\"@type\":\"ReadAction\",\"target\":[\"https:\/\/exmora.ma\/mobile\/nos-valeurs\/\"]}]}]}<\/script>\n<!-- \/ Yoast SEO plugin. -->","_links":{"self":[{"href":"https:\/\/exmora.ma\/mobile\/wp-json\/wp\/v2\/pages\/1166"}],"collection":[{"href":"https:\/\/exmora.ma\/mobile\/wp-json\/wp\/v2\/pages"}],"about":[{"href":"https:\/\/exmora.ma\/mobile\/wp-json\/wp\/v2\/types\/page"}],"author":[{"embeddable":true,"href":"https:\/\/exmora.ma\/mobile\/wp-json\/wp\/v2\/users\/1"}],"replies":[{"embeddable":true,"href":"https:\/\/exmora.ma\/mobile\/wp-json\/wp\/v2\/comments?post=1166"}],"version-history":[{"count":16,"href":"https:\/\/exmora.ma\/mobile\/wp-json\/wp\/v2\/pages\/1166\/revisions"}],"predecessor-version":[{"id":2300,"href":"https:\/\/exmora.ma\/mobile\/wp-json\/wp\/v2\/pages\/1166\/revisions\/2300"}],"wp:attachment":[{"href":"https:\/\/exmora.ma\/mobile\/wp-json\/wp\/v2\/media?parent=1166"}],"wp:term":[{"taxonomy":"post_tag","embeddable":true,"href":"https:\/\/exmora.ma\/mobile\/wp-json\/wp\/v2\/tags?post=1166"}],"curies":[{"name":"wp","href":"https:\/\/api.w.org\/{rel}","templated":true}]}}