



 
 {"id":1157,"date":"2017-03-21T11:45:04","date_gmt":"2017-03-21T11:45:04","guid":{"rendered":"http:\/\/exmora.ma\/?page_id=1157"},"modified":"2017-07-26T13:19:49","modified_gmt":"2017-07-26T12:19:49","slug":"la-releve","status":"publish","type":"page","link":"https:\/\/exmora.ma\/mobile\/la-releve\/","title":{"rendered":"Qui sommes-nous ?"},"content":{"rendered":"<style>\n.exmora-home-widget {<br \/>\n    background-color: #e4e4e4;<br \/>\n    padding: 15px 0 40px;<br \/>\n    width: 118%;<br \/>\n}\n\t.exmora-footer {<br \/>\n    padding: 0;<br \/>\n    margin: 0;<br \/>\n    width: 118%;<br \/>\n    background-color: #2f2f2f;<br \/>\n}\n<\/style>\n<div style=\"float: left; border: none; position: relative; left: 17%; margin-bottom: 20px;\">\n<a style=\"font-family: 'dinregular'; font-size: 14px; color: #fff; text-decoration: none; display:block; background:#005e2b; width:200px; float:left; margin-right:1px; text-align:center; padding:10px 5px;\" href=\"qui-sommes-nous\">1981, Au Commencement<\/a><a style=\"float:left; font-family: 'dinregular'; font-size: 14px; color: #facc06; text-decoration: none; display:block; background:#005e2b; width:200px; margin-right:1px; text-align:center; padding:10px 5px;\" href=\"la-releve\">2008, La Rel\u00e8ve<\/a><a style=\"float:left; font-family: 'dinregular'; font-size: 14px; color: #fff; text-decoration: none; display:block; background:#005e2b; width:200px; margin-right:1px; text-align:center; padding:10px 5px;\" href=\"nos-valeurs\/\">Nos valeurs<\/a>\n<\/div>\n<div style=\"width: 100%; clear:both; height: 267px; background: url('http:\/\/www.exmora.ma\/wp-content\/themes\/exmora\/images\/julien-bennani-cadre.jpg') right no-repeat; text-align: center;\"><img style=\"position: relative; top: 206px;\" src=\"http:\/\/www.exmora.ma\/wp-content\/themes\/exmora\/images\/2008.png\" \/><\/div>\n<div style=\"clear:both;\"><\/div>\n<p>&nbsp;<\/p>\n<p>&nbsp;<\/p>\n<p><img src=\"http:\/\/www.exmora.ma\/wp-content\/themes\/exmora\/images\/title-releve.png\" \/><\/p>\n<p style=\"text-align: justify; width: 80%; clear:both;\">\nApr\u00e8s une trentaine d&#8217;ann\u00e9es de production de fleurs coup\u00e9es la rel\u00e8ve arrive et saute une g\u00e9n\u00e9ration ! Julien Bennani, chimiste de formation ayant travaill\u00e9 dans le conseil redonne un peu de sang neuf en s&#8217;attaquant \u00e0 l&#8217;optimisation de la production, la mise en place de la lutte int\u00e9gr\u00e9e (m\u00e9thode de culture bas\u00e9e sur l&#8217;utilisation d&#8217;insectes se nourrissant des ravageurs) et d&#8217;un syst\u00e8me de recyclage des eaux de drainage.<\/p>\n<p>&nbsp;<\/p>\n<p><center><\/p>\n<p style=\"width: 80%;\">\n<img style=\"margin-top: 10px;\" src=\"http:\/\/www.exmora.ma\/wp-content\/themes\/exmora\/images\/quote-releve.png\" \/><\/p>\n<p><img src=\"http:\/\/www.exmora.ma\/wp-content\/themes\/exmora\/images\/photo-fleur-releve.png\" \/><\/p>\n<p><\/center><br \/>\n&nbsp;<\/p>\n<div style=\"float:left; margin-right:20px;\"><img src=\"http:\/\/www.exmora.ma\/wp-content\/themes\/exmora\/images\/fleurs-d-ailleurs.png\" \/><\/div>\n<div style=\"float:left;width:60%;\">\n<p style=\"text-align: justify; \">La soci\u00e9t\u00e9 s\u0153ur \u00ab fleurs d\u2019ailleurs \u00bb est \u00e9galement cr\u00e9\u00e9e  afin d\u2019importer des fleurs coup\u00e9es provenant de toute la plan\u00e8te et de proposer la gamme de fleurs la plus large possible  aux fleuristes du Maroc. A la trentaine de genre de fleurs et feuillages d\u00e9j\u00e0 produits localement s\u2019ajoutent toutes sortes d\u2019orchid\u00e9es, hortensias, roses d\u2019Equateur, feuillages exotiques ou autres fleurs introuvables au Maroc en quantit\u00e9s illimit\u00e9es.<\/p>\n<\/div>\n<p>&nbsp;<\/p>\n","protected":false},"excerpt":{"rendered":"<p>1981, Au Commencement2008, La Rel\u00e8veNos valeurs &nbsp; &nbsp; Apr\u00e8s une trentaine d&#8217;ann\u00e9es de production de fleurs coup\u00e9es la rel\u00e8ve arrive et saute une g\u00e9n\u00e9ration ! Julien Bennani, chimiste de formation ayant travaill\u00e9 dans le conseil redonne un peu de sang neuf en s&#8217;attaquant \u00e0 l&#8217;optimisation de la production, la mise en place de la lutte [&hellip;]<\/p>\n","protected":false},"author":1,"featured_media":0,"parent":0,"menu_order":0,"comment_status":"closed","ping_status":"closed","template":"","meta":[],"tags":[],"yoast_head":"<!-- This site is optimized with the Yoast SEO plugin v15.3 - https:\/\/yoast.com\/wordpress\/plugins\/seo\/ -->\n<title>Qui sommes-nous ? - Exmora<\/title>\n<meta name=\"robots\" content=\"index, follow, max-snippet:-1, max-image-preview:large, max-video-preview:-1\" \/>\n<link rel=\"canonical\" href=\"https:\/\/exmora.ma\/la-releve\/\" \/>\n<meta property=\"og:locale\" content=\"fr_FR\" \/>\n<meta property=\"og:type\" content=\"article\" \/>\n<meta property=\"og:title\" content=\"Qui sommes-nous ? - Exmora\" \/>\n<meta property=\"og:description\" content=\"1981, Au Commencement2008, La Rel\u00e8veNos valeurs &nbsp; &nbsp; Apr\u00e8s une trentaine d&#8217;ann\u00e9es de production de fleurs coup\u00e9es la rel\u00e8ve arrive et saute une g\u00e9n\u00e9ration ! Julien Bennani, chimiste de formation ayant travaill\u00e9 dans le conseil redonne un peu de sang neuf en s&#8217;attaquant \u00e0 l&#8217;optimisation de la production, la mise en place de la lutte [&hellip;]\" \/>\n<meta property=\"og:url\" content=\"https:\/\/exmora.ma\/la-releve\/\" \/>\n<meta property=\"og:site_name\" content=\"Exmora\" \/>\n<meta property=\"article:modified_time\" content=\"2017-07-26T12:19:49+00:00\" \/>\n<meta property=\"og:image\" content=\"http:\/\/www.exmora.ma\/wp-content\/themes\/exmora\/images\/2008.png\" \/>\n<meta name=\"twitter:card\" content=\"summary\" \/>\n<meta name=\"twitter:label1\" content=\"\u00c9crit par\">\n\t<meta name=\"twitter:data1\" content=\"admin\">\n\t<meta name=\"twitter:label2\" content=\"Dur\u00e9e de lecture est.\">\n\t<meta name=\"twitter:data2\" content=\"1 minute\">\n<script type=\"application\/ld+json\" class=\"yoast-schema-graph\">{\"@context\":\"https:\/\/schema.org\",\"@graph\":[{\"@type\":\"Organization\",\"@id\":\"https:\/\/exmora.ma\/#organization\",\"name\":\"Exmora\",\"url\":\"https:\/\/exmora.ma\/\",\"sameAs\":[],\"logo\":{\"@type\":\"ImageObject\",\"@id\":\"https:\/\/exmora.ma\/#logo\",\"inLanguage\":\"fr-FR\",\"url\":\"https:\/\/exmora.ma\/wp-content\/uploads\/2017\/03\/Changement-de-couleur.png\",\"width\":213,\"height\":86,\"caption\":\"Exmora\"},\"image\":{\"@id\":\"https:\/\/exmora.ma\/#logo\"}},{\"@type\":\"WebSite\",\"@id\":\"https:\/\/exmora.ma\/#website\",\"url\":\"https:\/\/exmora.ma\/\",\"name\":\"Exmora\",\"description\":\"\",\"publisher\":{\"@id\":\"https:\/\/exmora.ma\/#organization\"},\"potentialAction\":[{\"@type\":\"SearchAction\",\"target\":\"https:\/\/exmora.ma\/?s={search_term_string}\",\"query-input\":\"required name=search_term_string\"}],\"inLanguage\":\"fr-FR\"},{\"@type\":\"ImageObject\",\"@id\":\"https:\/\/exmora.ma\/la-releve\/#primaryimage\",\"inLanguage\":\"fr-FR\",\"url\":\"http:\/\/www.exmora.ma\/wp-content\/themes\/exmora\/images\/2008.png\"},{\"@type\":\"WebPage\",\"@id\":\"https:\/\/exmora.ma\/la-releve\/#webpage\",\"url\":\"https:\/\/exmora.ma\/la-releve\/\",\"name\":\"Qui sommes-nous ? - Exmora\",\"isPartOf\":{\"@id\":\"https:\/\/exmora.ma\/#website\"},\"primaryImageOfPage\":{\"@id\":\"https:\/\/exmora.ma\/la-releve\/#primaryimage\"},\"datePublished\":\"2017-03-21T11:45:04+00:00\",\"dateModified\":\"2017-07-26T12:19:49+00:00\",\"inLanguage\":\"fr-FR\",\"potentialAction\":[{\"@type\":\"ReadAction\",\"target\":[\"https:\/\/exmora.ma\/la-releve\/\"]}]}]}<\/script>\n<!-- \/ Yoast SEO plugin. -->","_links":{"self":[{"href":"https:\/\/exmora.ma\/mobile\/wp-json\/wp\/v2\/pages\/1157"}],"collection":[{"href":"https:\/\/exmora.ma\/mobile\/wp-json\/wp\/v2\/pages"}],"about":[{"href":"https:\/\/exmora.ma\/mobile\/wp-json\/wp\/v2\/types\/page"}],"author":[{"embeddable":true,"href":"https:\/\/exmora.ma\/mobile\/wp-json\/wp\/v2\/users\/1"}],"replies":[{"embeddable":true,"href":"https:\/\/exmora.ma\/mobile\/wp-json\/wp\/v2\/comments?post=1157"}],"version-history":[{"count":40,"href":"https:\/\/exmora.ma\/mobile\/wp-json\/wp\/v2\/pages\/1157\/revisions"}],"predecessor-version":[{"id":2795,"href":"https:\/\/exmora.ma\/mobile\/wp-json\/wp\/v2\/pages\/1157\/revisions\/2795"}],"wp:attachment":[{"href":"https:\/\/exmora.ma\/mobile\/wp-json\/wp\/v2\/media?parent=1157"}],"wp:term":[{"taxonomy":"post_tag","embeddable":true,"href":"https:\/\/exmora.ma\/mobile\/wp-json\/wp\/v2\/tags?post=1157"}],"curies":[{"name":"wp","href":"https:\/\/api.w.org\/{rel}","templated":true}]}}